{"id":169,"date":"2015-09-11T09:48:02","date_gmt":"2015-09-11T07:48:02","guid":{"rendered":"http:\/\/www.hoergeraete-schiemann.de\/hannover\/?page_id=169"},"modified":"2015-09-14T09:42:30","modified_gmt":"2015-09-14T07:42:30","slug":"historie","status":"publish","type":"page","link":"https:\/\/www.hoergeraete-schiemann.de\/hannover\/historie\/","title":{"rendered":"Kompetenz"},"content":{"rendered":"<p><img loading=\"lazy\" decoding=\"async\" class=\"alignleft size-medium wp-image-119\" src=\"http:\/\/www.hoergeraete-schiemann.de\/hannover\/wp-content\/uploads\/2015\/09\/Slider-schiemann-beratung-e1442216528314-300x181.jpg\" alt=\"\" width=\"300\" height=\"181\" srcset=\"https:\/\/www.hoergeraete-schiemann.de\/hannover\/wp-content\/uploads\/2015\/09\/Slider-schiemann-beratung-e1442216528314-300x181.jpg 300w, https:\/\/www.hoergeraete-schiemann.de\/hannover\/wp-content\/uploads\/2015\/09\/Slider-schiemann-beratung-e1442216528314-570x345.jpg 570w, https:\/\/www.hoergeraete-schiemann.de\/hannover\/wp-content\/uploads\/2015\/09\/Slider-schiemann-beratung-e1442216528314.jpg 573w\" sizes=\"auto, (max-width: 300px) 100vw, 300px\" \/>1995 beendete Tim Schiemann seine Ausbildung, an die er 1998 seine Meisterpr\u00fcfung anschloss.<br \/>\nNun steht er seinen Kunden seit nunmehr fast f\u00fcnfzehn Jahren in Ricklingen mit seinem Fachwissen und Kompetenz zur Seite.<\/p>\n<p>Permanente Weiterbildung, modernste Messtechnik und eine gro\u00dfe Produktauswahl (alle Hersteller im Programm), sind f\u00fcr eine anspruchsvolle H\u00f6rger\u00e4teversorgung unabdingbar und werden bei Tim Schiemann gro\u00df geschrieben.<\/p>\n","protected":false},"excerpt":{"rendered":"<p>1995 beendete Tim Schiemann seine Ausbildung, an die er 1998 seine Meisterpr\u00fcfung anschloss. Nun steht er seinen Kunden seit nunmehr fast f\u00fcnfzehn Jahren in Ricklingen mit seinem Fachwissen und Kompetenz zur Seite. Permanente Weiterbildung, modernste Messtechnik und eine gro\u00dfe Produktauswahl (alle Hersteller im Programm), sind f\u00fcr eine anspruchsvolle H\u00f6rger\u00e4teversorgung unabdingbar und werden bei Tim Schiemann [&hellip;]<\/p>\n","protected":false},"author":1,"featured_media":0,"parent":0,"menu_order":0,"comment_status":"closed","ping_status":"closed","template":"","meta":{"footnotes":""},"class_list":["post-169","page","type-page","status-publish","czr-hentry"],"aioseo_notices":[],"_links":{"self":[{"href":"https:\/\/www.hoergeraete-schiemann.de\/hannover\/wp-json\/wp\/v2\/pages\/169","targetHints":{"allow":["GET"]}}],"collection":[{"href":"https:\/\/www.hoergeraete-schiemann.de\/hannover\/wp-json\/wp\/v2\/pages"}],"about":[{"href":"https:\/\/www.hoergeraete-schiemann.de\/hannover\/wp-json\/wp\/v2\/types\/page"}],"author":[{"embeddable":true,"href":"https:\/\/www.hoergeraete-schiemann.de\/hannover\/wp-json\/wp\/v2\/users\/1"}],"replies":[{"embeddable":true,"href":"https:\/\/www.hoergeraete-schiemann.de\/hannover\/wp-json\/wp\/v2\/comments?post=169"}],"version-history":[{"count":3,"href":"https:\/\/www.hoergeraete-schiemann.de\/hannover\/wp-json\/wp\/v2\/pages\/169\/revisions"}],"predecessor-version":[{"id":202,"href":"https:\/\/www.hoergeraete-schiemann.de\/hannover\/wp-json\/wp\/v2\/pages\/169\/revisions\/202"}],"wp:attachment":[{"href":"https:\/\/www.hoergeraete-schiemann.de\/hannover\/wp-json\/wp\/v2\/media?parent=169"}],"curies":[{"name":"wp","href":"https:\/\/api.w.org\/{rel}","templated":true}]}}