{"id":173,"date":"2015-09-11T09:53:24","date_gmt":"2015-09-11T07:53:24","guid":{"rendered":"http:\/\/www.hoergeraete-schiemann.de\/hannover\/?page_id=173"},"modified":"2015-10-09T17:04:41","modified_gmt":"2015-10-09T15:04:41","slug":"hoerschutz","status":"publish","type":"page","link":"https:\/\/www.hoergeraete-schiemann.de\/hannover\/hoerschutz\/","title":{"rendered":"Geh\u00f6rschutz"},"content":{"rendered":"<p>L\u00e4rm begegnet uns \u00fcberall \u2013 im Stra\u00dfenverkehr, im Beruf, auf Konzerten.\u00a0Wer regelm\u00e4\u00dfig\u00a0einem\u00a0hohen L\u00e4rmpegel ausgesetzt ist, setzt sich dem Risiko aus, sein Geh\u00f6r dauerhaft zu sch\u00e4digen. Wir bieten\u00a0Ihnen individuellen Geh\u00f6rschutz f\u00fcr unterschiedlichste Anwendungsbereiche und L\u00e4rmbelastungen. Wir beraten Sie gerne.<\/p>\n\n\t\t<style type=\"text\/css\">\n\t\t\t#gallery-1 {\n\t\t\t\tmargin: auto;\n\t\t\t}\n\t\t\t#gallery-1 .gallery-item {\n\t\t\t\tfloat: left;\n\t\t\t\tmargin-top: 10px;\n\t\t\t\ttext-align: center;\n\t\t\t\twidth: 33%;\n\t\t\t}\n\t\t\t#gallery-1 img {\n\t\t\t\tborder: 2px solid #cfcfcf;\n\t\t\t}\n\t\t\t#gallery-1 .gallery-caption {\n\t\t\t\tmargin-left: 0;\n\t\t\t}\n\t\t\t\/* see gallery_shortcode() in wp-includes\/media.php *\/\n\t\t<\/style>\n\t\t<div id='gallery-1' class='gallery galleryid-173 gallery-columns-3 gallery-size-medium'><dl class='gallery-item'>\n\t\t\t<dt class='gallery-icon landscape'>\n\t\t\t\t<img loading=\"lazy\" decoding=\"async\" width=\"300\" height=\"225\" src=\"https:\/\/www.hoergeraete-schiemann.de\/hannover\/wp-content\/uploads\/2015\/09\/LauterSchlaf-300x225.jpg\" class=\"attachment-medium size-medium\" alt=\"\" srcset=\"https:\/\/www.hoergeraete-schiemann.de\/hannover\/wp-content\/uploads\/2015\/09\/LauterSchlaf-300x225.jpg 300w, https:\/\/www.hoergeraete-schiemann.de\/hannover\/wp-content\/uploads\/2015\/09\/LauterSchlaf-1024x768.jpg 1024w, https:\/\/www.hoergeraete-schiemann.de\/hannover\/wp-content\/uploads\/2015\/09\/LauterSchlaf.jpg 1600w\" sizes=\"auto, (max-width: 300px) 100vw, 300px\" \/>\n\t\t\t<\/dt><\/dl><dl class='gallery-item'>\n\t\t\t<dt class='gallery-icon landscape'>\n\t\t\t\t<img loading=\"lazy\" decoding=\"async\" width=\"300\" height=\"225\" src=\"https:\/\/www.hoergeraete-schiemann.de\/hannover\/wp-content\/uploads\/2015\/09\/ZuLaut-300x225.jpg\" class=\"attachment-medium size-medium\" alt=\"\" srcset=\"https:\/\/www.hoergeraete-schiemann.de\/hannover\/wp-content\/uploads\/2015\/09\/ZuLaut-300x225.jpg 300w, https:\/\/www.hoergeraete-schiemann.de\/hannover\/wp-content\/uploads\/2015\/09\/ZuLaut-1024x768.jpg 1024w, https:\/\/www.hoergeraete-schiemann.de\/hannover\/wp-content\/uploads\/2015\/09\/ZuLaut.jpg 1600w\" sizes=\"auto, (max-width: 300px) 100vw, 300px\" \/>\n\t\t\t<\/dt><\/dl><dl class='gallery-item'>\n\t\t\t<dt class='gallery-icon landscape'>\n\t\t\t\t<img loading=\"lazy\" decoding=\"async\" width=\"300\" height=\"225\" src=\"https:\/\/www.hoergeraete-schiemann.de\/hannover\/wp-content\/uploads\/2015\/09\/Luft-Druck-300x225.jpg\" class=\"attachment-medium size-medium\" alt=\"\" srcset=\"https:\/\/www.hoergeraete-schiemann.de\/hannover\/wp-content\/uploads\/2015\/09\/Luft-Druck-300x225.jpg 300w, https:\/\/www.hoergeraete-schiemann.de\/hannover\/wp-content\/uploads\/2015\/09\/Luft-Druck-1024x768.jpg 1024w, https:\/\/www.hoergeraete-schiemann.de\/hannover\/wp-content\/uploads\/2015\/09\/Luft-Druck.jpg 1600w\" sizes=\"auto, (max-width: 300px) 100vw, 300px\" \/>\n\t\t\t<\/dt><\/dl><br style=\"clear: both\" \/><dl class='gallery-item'>\n\t\t\t<dt class='gallery-icon landscape'>\n\t\t\t\t<img loading=\"lazy\" decoding=\"async\" width=\"300\" height=\"125\" src=\"https:\/\/www.hoergeraete-schiemann.de\/hannover\/wp-content\/uploads\/2015\/09\/Konzert-300x125.jpg\" class=\"attachment-medium size-medium\" alt=\"\" srcset=\"https:\/\/www.hoergeraete-schiemann.de\/hannover\/wp-content\/uploads\/2015\/09\/Konzert-300x125.jpg 300w, https:\/\/www.hoergeraete-schiemann.de\/hannover\/wp-content\/uploads\/2015\/09\/Konzert-1024x427.jpg 1024w, https:\/\/www.hoergeraete-schiemann.de\/hannover\/wp-content\/uploads\/2015\/09\/Konzert.jpg 1200w\" sizes=\"auto, (max-width: 300px) 100vw, 300px\" \/>\n\t\t\t<\/dt><\/dl>\n\t\t\t<br style='clear: both' \/>\n\t\t<\/div>\n\n","protected":false},"excerpt":{"rendered":"<p>L\u00e4rm begegnet uns \u00fcberall \u2013 im Stra\u00dfenverkehr, im Beruf, auf Konzerten.\u00a0Wer regelm\u00e4\u00dfig\u00a0einem\u00a0hohen L\u00e4rmpegel ausgesetzt ist, setzt sich dem Risiko aus, sein Geh\u00f6r dauerhaft zu sch\u00e4digen. Wir bieten\u00a0Ihnen individuellen Geh\u00f6rschutz f\u00fcr unterschiedlichste Anwendungsbereiche und L\u00e4rmbelastungen. Wir beraten Sie gerne.<\/p>\n","protected":false},"author":1,"featured_media":0,"parent":0,"menu_order":0,"comment_status":"closed","ping_status":"closed","template":"","meta":{"footnotes":""},"class_list":["post-173","page","type-page","status-publish","czr-hentry"],"aioseo_notices":[],"_links":{"self":[{"href":"https:\/\/www.hoergeraete-schiemann.de\/hannover\/wp-json\/wp\/v2\/pages\/173","targetHints":{"allow":["GET"]}}],"collection":[{"href":"https:\/\/www.hoergeraete-schiemann.de\/hannover\/wp-json\/wp\/v2\/pages"}],"about":[{"href":"https:\/\/www.hoergeraete-schiemann.de\/hannover\/wp-json\/wp\/v2\/types\/page"}],"author":[{"embeddable":true,"href":"https:\/\/www.hoergeraete-schiemann.de\/hannover\/wp-json\/wp\/v2\/users\/1"}],"replies":[{"embeddable":true,"href":"https:\/\/www.hoergeraete-schiemann.de\/hannover\/wp-json\/wp\/v2\/comments?post=173"}],"version-history":[{"count":8,"href":"https:\/\/www.hoergeraete-schiemann.de\/hannover\/wp-json\/wp\/v2\/pages\/173\/revisions"}],"predecessor-version":[{"id":272,"href":"https:\/\/www.hoergeraete-schiemann.de\/hannover\/wp-json\/wp\/v2\/pages\/173\/revisions\/272"}],"wp:attachment":[{"href":"https:\/\/www.hoergeraete-schiemann.de\/hannover\/wp-json\/wp\/v2\/media?parent=173"}],"curies":[{"name":"wp","href":"https:\/\/api.w.org\/{rel}","templated":true}]}}