{"id":176,"date":"2015-09-11T10:00:31","date_gmt":"2015-09-11T08:00:31","guid":{"rendered":"http:\/\/www.hoergeraete-schiemann.de\/hannover\/?page_id=176"},"modified":"2018-03-16T14:26:31","modified_gmt":"2018-03-16T13:26:31","slug":"impressum","status":"publish","type":"page","link":"https:\/\/www.hoergeraete-schiemann.de\/hannover\/impressum\/","title":{"rendered":"Impressum"},"content":{"rendered":"<p align=\"left\">Inhaltlich verantwortlich gem\u00e4\u00df \u00a7 10 Absatz 3 MDStV<\/p>\n<p align=\"left\">Tim Schiemann<\/p>\n<p align=\"left\">H\u00f6rger\u00e4te Schiemann<br \/>\nRicklinger Stadtweg 30<br \/>\n30459 Ricklingen<\/p>\n<p>Telefon: 0511\/7682130<br \/>\n<a href=\"mailto:info@hoergeraete-schiemann.de\">info@hoergeraete-schiemann.de<\/a><\/p>\n<p align=\"left\">Gesch\u00e4ftsf\u00fchrer<br \/>\nTim Schiemann<\/p>\n<p align=\"left\">Gerichtsstand:<br \/>\nAmtsgericht Hannover<\/p>\n<p align=\"left\">Ust.-IdNr.:<br \/>\nDE 81 38 92 62 8<\/p>\n<p align=\"left\">Haftungshinweis<br \/>\nTrotz sorgf\u00e4ltiger inhaltlicher Kontrolle \u00fcbernehmen wir keine Haftung f\u00fcr die Inhalte externer Links. F\u00fcr den Inhalt der verlinkten Seiten sind ausschlie\u00dflich deren Betreiber verantwortlich.<\/p>\n<p align=\"left\">Copyright<br \/>\nDer gesamte Inhalt dieser Website ist das Eigentum des Gesch\u00e4fts H\u00f6rger\u00e4te Schiemann. Alle Inhalte der Webseite einschlie\u00dflich, aber nicht beschr\u00e4nkt auf Aspekte, die das generelle Design und den Inhalt umfassen, sind urheberrechtlich, markenrechtlich, gebrauchsschutzrechtlich, designschutzrechtlich und durch jegliche andere Immaterialg\u00fcterrechte gesch\u00fctzt, unabh\u00e4ngig davon, ob diese Rechte registriert sind oder nicht. Jegliches Kopieren der Webseite oder Inhalte welcher Art auch immer, ist untersagt, au\u00dfer es liegt eine ausdr\u00fcckliche Genehmigung seitens des Urhebers vor. Der Inhalt dieser Website zuz\u00fcglich jeglicher, damit zusammenh\u00e4ngender Rechte verbleibt im Eigentum von der Praxis f\u00fcr Naturheilkunde und Wellness oder dessen Lizenzgebern.<\/p>\n<p align=\"left\">Design und Produktion<br \/>\nrogge werbeagentur &amp; fotostudio<br \/>\n<a href=\"http:\/\/www.roggewf.de\/\" target=\"_top\">www.roggewf.de<\/a><\/p>\n<p>&nbsp;<\/p>\n","protected":false},"excerpt":{"rendered":"<p>Inhaltlich verantwortlich gem\u00e4\u00df \u00a7 10 Absatz 3 MDStV Tim Schiemann H\u00f6rger\u00e4te Schiemann Ricklinger Stadtweg 30 30459 Ricklingen Telefon: 0511\/7682130 info@hoergeraete-schiemann.de Gesch\u00e4ftsf\u00fchrer Tim Schiemann Gerichtsstand: Amtsgericht Hannover Ust.-IdNr.: DE 81 38 92 62 8 Haftungshinweis Trotz sorgf\u00e4ltiger inhaltlicher Kontrolle \u00fcbernehmen wir keine Haftung f\u00fcr die Inhalte externer Links. F\u00fcr den Inhalt der verlinkten Seiten sind ausschlie\u00dflich [&hellip;]<\/p>\n","protected":false},"author":1,"featured_media":0,"parent":0,"menu_order":0,"comment_status":"closed","ping_status":"closed","template":"","meta":{"footnotes":""},"class_list":["post-176","page","type-page","status-publish","czr-hentry"],"aioseo_notices":[],"_links":{"self":[{"href":"https:\/\/www.hoergeraete-schiemann.de\/hannover\/wp-json\/wp\/v2\/pages\/176","targetHints":{"allow":["GET"]}}],"collection":[{"href":"https:\/\/www.hoergeraete-schiemann.de\/hannover\/wp-json\/wp\/v2\/pages"}],"about":[{"href":"https:\/\/www.hoergeraete-schiemann.de\/hannover\/wp-json\/wp\/v2\/types\/page"}],"author":[{"embeddable":true,"href":"https:\/\/www.hoergeraete-schiemann.de\/hannover\/wp-json\/wp\/v2\/users\/1"}],"replies":[{"embeddable":true,"href":"https:\/\/www.hoergeraete-schiemann.de\/hannover\/wp-json\/wp\/v2\/comments?post=176"}],"version-history":[{"count":2,"href":"https:\/\/www.hoergeraete-schiemann.de\/hannover\/wp-json\/wp\/v2\/pages\/176\/revisions"}],"predecessor-version":[{"id":343,"href":"https:\/\/www.hoergeraete-schiemann.de\/hannover\/wp-json\/wp\/v2\/pages\/176\/revisions\/343"}],"wp:attachment":[{"href":"https:\/\/www.hoergeraete-schiemann.de\/hannover\/wp-json\/wp\/v2\/media?parent=176"}],"curies":[{"name":"wp","href":"https:\/\/api.w.org\/{rel}","templated":true}]}}