{"id":30,"date":"2015-09-08T12:13:46","date_gmt":"2015-09-08T10:13:46","guid":{"rendered":"http:\/\/www.hoergeraete-schiemann.de\/hannover\/?page_id=30"},"modified":"2015-10-09T16:59:58","modified_gmt":"2015-10-09T14:59:58","slug":"leistungen","status":"publish","type":"page","link":"https:\/\/www.hoergeraete-schiemann.de\/hannover\/leistungen\/","title":{"rendered":"Leistungen"},"content":{"rendered":"<p>Ihr Wohlbefinden liegt uns am Herzen.<\/p>\n<p>Daher bieten wir Ihnen eine Vielzahl an Leistungen, die f\u00fcr die Steigerung Ihrer Lebensqualit\u00e4t sorgen.<strong><br \/>\n<\/strong><\/p>\n<ul>\n<li><strong>Beratung<\/strong><\/li>\n<li><strong>Individuelle H\u00f6rger\u00e4teanpassung<\/strong><\/li>\n<li><strong>InEarMonitoring<\/strong><\/li>\n<li><strong>Reparaturservice<\/strong><\/li>\n<li><strong>Otoplastikfertigung<\/strong><\/li>\n<li><strong>Geh\u00f6rschutz<\/strong><\/li>\n<li><strong>Zubeh\u00f6r<\/strong><\/li>\n<li><strong>Kostenloser H\u00f6rtest<\/strong><\/li>\n<\/ul>\n<p>&nbsp;<\/p>\n<p>&nbsp;<\/p>\n","protected":false},"excerpt":{"rendered":"<p>Ihr Wohlbefinden liegt uns am Herzen. Daher bieten wir Ihnen eine Vielzahl an Leistungen, die f\u00fcr die Steigerung Ihrer Lebensqualit\u00e4t sorgen. Beratung Individuelle H\u00f6rger\u00e4teanpassung InEarMonitoring Reparaturservice Otoplastikfertigung Geh\u00f6rschutz Zubeh\u00f6r Kostenloser H\u00f6rtest &nbsp; &nbsp;<\/p>\n","protected":false},"author":1,"featured_media":0,"parent":0,"menu_order":0,"comment_status":"closed","ping_status":"closed","template":"","meta":{"footnotes":""},"class_list":["post-30","page","type-page","status-publish","czr-hentry"],"aioseo_notices":[],"_links":{"self":[{"href":"https:\/\/www.hoergeraete-schiemann.de\/hannover\/wp-json\/wp\/v2\/pages\/30","targetHints":{"allow":["GET"]}}],"collection":[{"href":"https:\/\/www.hoergeraete-schiemann.de\/hannover\/wp-json\/wp\/v2\/pages"}],"about":[{"href":"https:\/\/www.hoergeraete-schiemann.de\/hannover\/wp-json\/wp\/v2\/types\/page"}],"author":[{"embeddable":true,"href":"https:\/\/www.hoergeraete-schiemann.de\/hannover\/wp-json\/wp\/v2\/users\/1"}],"replies":[{"embeddable":true,"href":"https:\/\/www.hoergeraete-schiemann.de\/hannover\/wp-json\/wp\/v2\/comments?post=30"}],"version-history":[{"count":8,"href":"https:\/\/www.hoergeraete-schiemann.de\/hannover\/wp-json\/wp\/v2\/pages\/30\/revisions"}],"predecessor-version":[{"id":271,"href":"https:\/\/www.hoergeraete-schiemann.de\/hannover\/wp-json\/wp\/v2\/pages\/30\/revisions\/271"}],"wp:attachment":[{"href":"https:\/\/www.hoergeraete-schiemann.de\/hannover\/wp-json\/wp\/v2\/media?parent=30"}],"curies":[{"name":"wp","href":"https:\/\/api.w.org\/{rel}","templated":true}]}}